{"id":11,"date":"2015-12-11T17:28:28","date_gmt":"2015-12-11T15:28:28","guid":{"rendered":"https:\/\/verteja.eu\/?page_id=11"},"modified":"2023-11-24T17:02:26","modified_gmt":"2023-11-24T14:02:26","slug":"kontaktai","status":"publish","type":"page","link":"https:\/\/verteja.eu\/?page_id=11","title":{"rendered":"Susisiekite"},"content":{"rendered":"<p>U\u017eklaus\u0105 d\u0117l vertimo ra\u0161tu ar \u017eod\u017eiu galite si\u0173sti \u0161iuo adresu:<\/p>\n<p><img loading=\"lazy\" decoding=\"async\" class=\"size-full wp-image-372 alignleft\" src=\"https:\/\/verteja.eu\/wp-content\/uploads\/2023\/11\/Capture.jpg\" alt=\"\" width=\"197\" height=\"63\" \/><\/p>\n\n\n<p><\/p>\n","protected":false},"excerpt":{"rendered":"<p>U\u017eklaus\u0105 d\u0117l vertimo ra\u0161tu ar \u017eod\u017eiu galite si\u0173sti \u0161iuo adresu:<\/p>\n","protected":false},"author":1,"featured_media":0,"parent":0,"menu_order":0,"comment_status":"closed","ping_status":"closed","template":"","meta":{"footnotes":""},"class_list":["post-11","page","type-page","status-publish"],"_links":{"self":[{"href":"https:\/\/verteja.eu\/index.php?rest_route=\/wp\/v2\/pages\/11","targetHints":{"allow":["GET"]}}],"collection":[{"href":"https:\/\/verteja.eu\/index.php?rest_route=\/wp\/v2\/pages"}],"about":[{"href":"https:\/\/verteja.eu\/index.php?rest_route=\/wp\/v2\/types\/page"}],"author":[{"embeddable":true,"href":"https:\/\/verteja.eu\/index.php?rest_route=\/wp\/v2\/users\/1"}],"replies":[{"embeddable":true,"href":"https:\/\/verteja.eu\/index.php?rest_route=%2Fwp%2Fv2%2Fcomments&post=11"}],"version-history":[{"count":10,"href":"https:\/\/verteja.eu\/index.php?rest_route=\/wp\/v2\/pages\/11\/revisions"}],"predecessor-version":[{"id":377,"href":"https:\/\/verteja.eu\/index.php?rest_route=\/wp\/v2\/pages\/11\/revisions\/377"}],"wp:attachment":[{"href":"https:\/\/verteja.eu\/index.php?rest_route=%2Fwp%2Fv2%2Fmedia&parent=11"}],"curies":[{"name":"wp","href":"https:\/\/api.w.org\/{rel}","templated":true}]}}