{"id":25,"date":"2015-12-11T17:41:45","date_gmt":"2015-12-11T15:41:45","guid":{"rendered":"https:\/\/verteja.eu\/?page_id=25"},"modified":"2023-11-24T17:12:34","modified_gmt":"2023-11-24T14:12:34","slug":"pradzia","status":"publish","type":"page","link":"https:\/\/verteja.eu\/?page_id=25","title":{"rendered":"<p>Sveiki u\u017esuk\u0119 \u012f J\u016brat\u0117s \u017dukauskait\u0117s svetain\u0119!<\/p>"},"content":{"rendered":"<p align=\"justify\">Esu profesionali vert\u0117ja, turinti laisvai samdomos Europos S\u0105jungos vert\u0117jos \u017eod\u017eiu <a href=\"http:\/\/europa.eu\/interpretation\/index_lt.htm\" target=\"_blank\" rel=\"noopener\">akreditacij\u0105<\/a>. <b>Ver\u010diu i\u0161 vokie\u010di\u0173 kalbos \u012f lietuvi\u0173 kalb\u0105 ir i\u0161 lietuvi\u0173 kalbos \u012f vokie\u010di\u0173 kalb\u0105<\/b> \u2013 tiek ra\u0161tu, tiek \u017eod\u017eiu. Jeigu ie\u0161kote kokybi\u0161k\u0173 vertimo paslaug\u0173, <a href=\"https:\/\/verteja.eu\/lt\/kontaktai\/\">kreipkit\u0117s \u012f mane el. pa\u0161tu<\/a>.<\/p>\n","protected":false},"excerpt":{"rendered":"<p>Esu profesionali vert\u0117ja, turinti laisvai samdomos Europos S\u0105jungos vert\u0117jos \u017eod\u017eiu akreditacij\u0105. Ver\u010diu i\u0161 vokie\u010di\u0173 kalbos \u012f lietuvi\u0173 kalb\u0105 ir i\u0161 lietuvi\u0173 kalbos \u012f vokie\u010di\u0173 kalb\u0105 \u2013 tiek ra\u0161tu, tiek \u017eod\u017eiu. Jeigu ie\u0161kote kokybi\u0161k\u0173 vertimo paslaug\u0173, kreipkit\u0117s \u012f mane el. pa\u0161tu.<\/p>\n","protected":false},"author":1,"featured_media":0,"parent":0,"menu_order":0,"comment_status":"closed","ping_status":"closed","template":"","meta":{"footnotes":""},"class_list":["post-25","page","type-page","status-publish"],"_links":{"self":[{"href":"https:\/\/verteja.eu\/index.php?rest_route=\/wp\/v2\/pages\/25","targetHints":{"allow":["GET"]}}],"collection":[{"href":"https:\/\/verteja.eu\/index.php?rest_route=\/wp\/v2\/pages"}],"about":[{"href":"https:\/\/verteja.eu\/index.php?rest_route=\/wp\/v2\/types\/page"}],"author":[{"embeddable":true,"href":"https:\/\/verteja.eu\/index.php?rest_route=\/wp\/v2\/users\/1"}],"replies":[{"embeddable":true,"href":"https:\/\/verteja.eu\/index.php?rest_route=%2Fwp%2Fv2%2Fcomments&post=25"}],"version-history":[{"count":28,"href":"https:\/\/verteja.eu\/index.php?rest_route=\/wp\/v2\/pages\/25\/revisions"}],"predecessor-version":[{"id":381,"href":"https:\/\/verteja.eu\/index.php?rest_route=\/wp\/v2\/pages\/25\/revisions\/381"}],"wp:attachment":[{"href":"https:\/\/verteja.eu\/index.php?rest_route=%2Fwp%2Fv2%2Fmedia&parent=25"}],"curies":[{"name":"wp","href":"https:\/\/api.w.org\/{rel}","templated":true}]}}