{"id":55,"date":"2015-12-11T19:47:39","date_gmt":"2015-12-11T17:47:39","guid":{"rendered":"https:\/\/verteja.eu\/?page_id=55"},"modified":"2023-11-24T17:15:25","modified_gmt":"2023-11-24T14:15:25","slug":"dolmetschen","status":"publish","type":"page","link":"https:\/\/verteja.eu\/?page_id=55&lang=de","title":{"rendered":"Dolmetschen"},"content":{"rendered":"<h1 style=\"font-size: 34px;\">Dolmetschen<\/h1>\n<p style=\"font-size: 19px; margin-bottom: 0.5em;\">Ich biete Konsekutives und simultanes Dolmetschen in folgenden Sprachkombinationen an:<\/p>\n<ul style=\"margin-bottom: 1em;\">\n<li>Deutsch \u2192 Litauisch<\/li>\n<li>Litauisch \u2192 Deutsch<\/li>\n<\/ul>\n<p style=\"font-size: 19px;\" align=\"justify\">Kontaktieren Sie mich bitte per <a href=\"https:\/\/verteja.eu\/de\/kontakt\/\">Email<\/a>.<\/p>\n<h2 style=\"font-size: 26px;\">\u25ba Konsekutivdolmetschen<\/h2>\n<p style=\"font-size: 19px;\" align=\"justify\">Bei Konsekutivdolmetschen gibt der Dolmetscher den Beitrag des Redners erst dann in einer anderen Sprache wieder, nachdem der Redner geendet hat. Diese Art des Dolmetschens wird immer noch h\u00e4ufig bei bestimmten Fachtagungen, Arbeitsessen, Gesch\u00e4ftsverhandlungen o. \u00c4. eingesetzt. F\u00fcr Konsekutivdolmetschen ist keine spezielle technische Ausstattung erforderlich, eine gute Tonqualit\u00e4t sollte aber gesichert sein. Professionelle Dolmetscher k\u00f6nnen Beitr\u00e4ge bis zu 8 Minuten mit gro\u00dfer Genauigkeit wiedergeben.<\/p>\n<h2 style=\"font-size: 26px;\">\u25ba Simultandolmetschen<\/h2>\n<p style=\"font-size: 19px;\" align=\"justify\">Bei dieser Art des Dolmetschens wird verdolmetscht, w\u00e4hrend der Redner spricht. Die Verdolmetschung erfolgt also fast simultan, mit einer Versp\u00e4tung von max. zwei S\u00e4tzen. Die Dolmetscher arbeiten zu zweit oder zu dritt in einer schallisolierten Kabine. Die Teilnehmer im Sitzungssaal k\u00f6nnen sich die Verdolmetschung im Kopfh\u00f6rer anh\u00f6ren. F\u00fcr das Simultandolmetschen ist eine spezielle technische Ausstattung erforderlich, mehr dazu siehe <a href=\"http:\/\/ec.europa.eu\/dgs\/scic\/docs\/organisation\/de_2016.pdf\" target=\"_blank\" rel=\"noopener\">hier<\/a>.<\/p>\n","protected":false},"excerpt":{"rendered":"<p>Dolmetschen Ich biete Konsekutives und simultanes Dolmetschen in folgenden Sprachkombinationen an: Deutsch \u2192 Litauisch Litauisch \u2192 Deutsch Kontaktieren Sie mich bitte per Email. \u25ba Konsekutivdolmetschen Bei Konsekutivdolmetschen gibt der Dolmetscher den Beitrag des Redners erst dann in einer anderen Sprache wieder, nachdem der Redner geendet hat. Diese Art des Dolmetschens wird immer noch h\u00e4ufig bei &#8230; <a title=\"Dolmetschen\" class=\"read-more\" href=\"https:\/\/verteja.eu\/?page_id=55&#038;lang=de\" aria-label=\"Read more about Dolmetschen\">Read more<\/a><\/p>\n","protected":false},"author":1,"featured_media":0,"parent":0,"menu_order":0,"comment_status":"closed","ping_status":"closed","template":"","meta":{"footnotes":""},"class_list":["post-55","page","type-page","status-publish"],"_links":{"self":[{"href":"https:\/\/verteja.eu\/index.php?rest_route=\/wp\/v2\/pages\/55","targetHints":{"allow":["GET"]}}],"collection":[{"href":"https:\/\/verteja.eu\/index.php?rest_route=\/wp\/v2\/pages"}],"about":[{"href":"https:\/\/verteja.eu\/index.php?rest_route=\/wp\/v2\/types\/page"}],"author":[{"embeddable":true,"href":"https:\/\/verteja.eu\/index.php?rest_route=\/wp\/v2\/users\/1"}],"replies":[{"embeddable":true,"href":"https:\/\/verteja.eu\/index.php?rest_route=%2Fwp%2Fv2%2Fcomments&post=55"}],"version-history":[{"count":22,"href":"https:\/\/verteja.eu\/index.php?rest_route=\/wp\/v2\/pages\/55\/revisions"}],"predecessor-version":[{"id":386,"href":"https:\/\/verteja.eu\/index.php?rest_route=\/wp\/v2\/pages\/55\/revisions\/386"}],"wp:attachment":[{"href":"https:\/\/verteja.eu\/index.php?rest_route=%2Fwp%2Fv2%2Fmedia&parent=55"}],"curies":[{"name":"wp","href":"https:\/\/api.w.org\/{rel}","templated":true}]}}